{"id":1142,"date":"2026-03-29T04:08:50","date_gmt":"2026-03-29T03:08:50","guid":{"rendered":"https:\/\/christhomas.at\/?page_id=1142"},"modified":"2026-03-30T20:28:15","modified_gmt":"2026-03-30T18:28:15","slug":"privacy-policy","status":"publish","type":"page","link":"https:\/\/christhomas.at\/de\/privacy-policy\/","title":{"rendered":"Privacy Policy"},"content":{"rendered":"\t\t<div data-elementor-type=\"wp-page\" data-elementor-id=\"1142\" class=\"elementor elementor-1142\" data-elementor-post-type=\"page\">\n\t\t\t\t<div class=\"elementor-element elementor-element-0356dc5 e-flex e-con-boxed e-con e-parent\" data-id=\"0356dc5\" data-element_type=\"container\" data-e-type=\"container\">\n\t\t\t\t\t<div class=\"e-con-inner\">\n\t\t\t\t<div class=\"elementor-element elementor-element-84b60b7 elementor-widget elementor-widget-heading\" data-id=\"84b60b7\" data-element_type=\"widget\" data-e-type=\"widget\" data-widget_type=\"heading.default\">\n\t\t\t\t\t<h2 class=\"elementor-heading-title elementor-size-default\">Privacy Policy<\/h2>\t\t\t\t<\/div>\n\t\t\t\t<div class=\"elementor-element elementor-element-fe5d9ca elementor-widget elementor-widget-text-editor\" data-id=\"fe5d9ca\" data-element_type=\"widget\" data-e-type=\"widget\" data-widget_type=\"text-editor.default\">\n\t\t\t\t\t\t\t\t\t<p data-path-to-node=\"6\">Last Updated: March 2026<\/p><div><div class=\"standard-markdown grid-cols-1 grid [&amp;_&gt;_*]:min-w-0 gap-3\"><p class=\"font-claude-response-body break-words whitespace-normal leading-[1.7]\"><strong>Datenschutzerkl\u00e4rung<\/strong><\/p><\/div><\/div><div><div class=\"standard-markdown grid-cols-1 grid [&amp;_&gt;_*]:min-w-0 gap-3\"><p class=\"font-claude-response-body break-words whitespace-normal leading-[1.7]\"><strong>Verantwortlicher<\/strong> Christopher Thomas, 6900 Bregenz, \u00d6sterreich E-Mail: <a class=\"underline underline underline-offset-2 decoration-1 decoration-current\/40 hover:decoration-current focus:decoration-current\" href=\"mailto:hello@christhomas.at\">hello@christhomas.at<\/a> Web: <a class=\"underline underline underline-offset-2 decoration-1 decoration-current\/40 hover:decoration-current focus:decoration-current\" href=\"http:\/\/www.christhomas.at\">www.christhomas.at<\/a><\/p><p class=\"font-claude-response-body break-words whitespace-normal leading-[1.7]\"><strong>1. Grunds\u00e4tzliches<\/strong> Der Schutz Ihrer pers\u00f6nlichen Daten ist mir ein wichtiges Anliegen. Ich verarbeite Ihre Daten daher ausschlie\u00dflich auf Grundlage der gesetzlichen Bestimmungen (DSGVO, DSG, TKG 2021). In dieser Datenschutzerkl\u00e4rung informiere ich Sie \u00fcber die wichtigsten Aspekte der Datenverarbeitung im Rahmen meiner Website.<\/p><p class=\"font-claude-response-body break-words whitespace-normal leading-[1.7]\"><strong>2. Kontaktaufnahme<\/strong> Wenn Sie per E-Mail oder \u00fcber ein Kontaktformular Kontakt mit mir aufnehmen, werden Ihre angegebenen Daten (Name, E-Mail-Adresse, Nachricht) zum Zweck der Bearbeitung Ihrer Anfrage und f\u00fcr den Fall von Anschlussfragen bei mir gespeichert. Diese Daten gebe ich nicht ohne Ihre Einwilligung weiter.<\/p><p class=\"font-claude-response-body break-words whitespace-normal leading-[1.7]\">Rechtsgrundlage: Art. 6 Abs. 1 lit. b DSGVO (Vertragsanbahnung) bzw. Art. 6 Abs. 1 lit. f DSGVO (berechtigtes Interesse).<\/p><p class=\"font-claude-response-body break-words whitespace-normal leading-[1.7]\"><strong>3. Terminbuchung (Clarity Call)<\/strong> F\u00fcr die Buchung eines 20-min\u00fctigen Clarity Calls verwende ich ein externes Buchungstool (z. B. Calendly oder vergleichbar). Bei der Buchung werden Ihre personenbezogenen Daten (Name, E-Mail-Adresse, ggf. weitere Angaben) an den jeweiligen Anbieter \u00fcbermittelt. Ich empfehle, die Datenschutzerkl\u00e4rung des jeweiligen Anbieters zu lesen. Die erhobenen Daten verwende ich ausschlie\u00dflich zur Durchf\u00fchrung und Koordination des vereinbarten Gespr\u00e4chs.<\/p><p class=\"font-claude-response-body break-words whitespace-normal leading-[1.7]\">Rechtsgrundlage: Art. 6 Abs. 1 lit. b DSGVO.<\/p><p class=\"font-claude-response-body break-words whitespace-normal leading-[1.7]\"><strong>4. Hosting und Server-Logfiles<\/strong> Diese Website wird bei einem professionellen Hosting-Anbieter gehostet. Der Hosting-Anbieter erhebt automatisch sogenannte Server-Logfiles, die Ihr Browser automatisch \u00fcbermittelt. Dies sind: Browsertyp und -version, verwendetes Betriebssystem, Referrer-URL, Hostname des zugreifenden Rechners, Uhrzeit der Serveranfrage und IP-Adresse.<\/p><p class=\"font-claude-response-body break-words whitespace-normal leading-[1.7]\">Diese Daten sind nicht bestimmten Personen zuordenbar und werden nicht mit anderen Datenquellen zusammengef\u00fchrt. Die Speicherung erfolgt auf Grundlage von Art. 6 Abs. 1 lit. f DSGVO (berechtigtes Interesse an einem technisch fehlerfreien Betrieb der Website).<\/p><p class=\"font-claude-response-body break-words whitespace-normal leading-[1.7]\"><strong>5. Cookies<\/strong> Diese Website verwendet Cookies. Dabei handelt es sich um kleine Textdateien, die auf Ihrem Endger\u00e4t gespeichert werden. Einige Cookies sind technisch notwendig (z. B. f\u00fcr die Funktion des Kontaktformulars oder der Buchungsintegration). Andere Cookies dienen der Analyse des Nutzerverhaltens.<\/p><p class=\"font-claude-response-body break-words whitespace-normal leading-[1.7]\">Beim ersten Besuch der Website werden Sie \u00fcber die verwendeten Cookies informiert und um Ihre Einwilligung gebeten. Nicht notwendige Cookies werden nur nach Ihrer ausdr\u00fccklichen Einwilligung gesetzt.<\/p><p class=\"font-claude-response-body break-words whitespace-normal leading-[1.7]\">Rechtsgrundlage: Art. 6 Abs. 1 lit. a DSGVO (Einwilligung) bzw. Art. 6 Abs. 1 lit. f DSGVO (berechtigtes Interesse f\u00fcr technisch notwendige Cookies).<\/p><p class=\"font-claude-response-body break-words whitespace-normal leading-[1.7]\"><strong>6. Google Analytics \/ Tracking-Tools<\/strong> Sofern auf dieser Website Analyse- oder Tracking-Tools eingesetzt werden, erfolgt dies nur mit Ihrer ausdr\u00fccklichen Einwilligung. Sie k\u00f6nnen Ihre Einwilligung jederzeit mit Wirkung f\u00fcr die Zukunft widerrufen, indem Sie die Cookie-Einstellungen auf dieser Website anpassen.<\/p><p class=\"font-claude-response-body break-words whitespace-normal leading-[1.7]\"><em>Hinweis f\u00fcr Ihren Entwickler: Bitte diesen Abschnitt entsprechend der tats\u00e4chlich eingesetzten Tools anpassen oder entfernen, falls keine solchen Tools verwendet werden.<\/em><\/p><p class=\"font-claude-response-body break-words whitespace-normal leading-[1.7]\"><strong>7. Eingebettete Inhalte und externe Dienste<\/strong> Diese Website kann eingebettete Inhalte von Drittanbietern enthalten (z. B. Videos, Kartendienste, Buchungstools). Beim Aufruf solcher Inhalte kann der jeweilige Anbieter Daten \u00fcber Sie erheben. Ich habe auf diese Datenverarbeitung keinen Einfluss und verweise auf die jeweiligen Datenschutzerkl\u00e4rungen der Anbieter.<\/p><p class=\"font-claude-response-body break-words whitespace-normal leading-[1.7]\"><strong>8. Ihre Rechte<\/strong> Ihnen stehen grunds\u00e4tzlich folgende Rechte zu:<\/p><ul class=\"[li_&amp;]:mb-0 [li_&amp;]:mt-1 [li_&amp;]:gap-1 [&amp;:not(:last-child)_ul]:pb-1 [&amp;:not(:last-child)_ol]:pb-1 list-disc flex flex-col gap-1 pl-8 mb-3\"><li class=\"whitespace-normal break-words pl-2\"><strong>Auskunftsrecht<\/strong> \u2014 Sie haben das Recht zu erfahren, welche Daten ich \u00fcber Sie gespeichert habe (Art. 15 DSGVO)<\/li><li class=\"whitespace-normal break-words pl-2\"><strong>Recht auf Berichtigung<\/strong> \u2014 unrichtige Daten k\u00f6nnen Sie jederzeit korrigieren lassen (Art. 16 DSGVO)<\/li><li class=\"whitespace-normal break-words pl-2\"><strong>Recht auf L\u00f6schung<\/strong> \u2014 Sie k\u00f6nnen die L\u00f6schung Ihrer Daten verlangen, sofern keine gesetzliche Aufbewahrungspflicht besteht (Art. 17 DSGVO)<\/li><li class=\"whitespace-normal break-words pl-2\"><strong>Recht auf Einschr\u00e4nkung der Verarbeitung<\/strong> (Art. 18 DSGVO)<\/li><li class=\"whitespace-normal break-words pl-2\"><strong>Recht auf Daten\u00fcbertragbarkeit<\/strong> (Art. 20 DSGVO)<\/li><li class=\"whitespace-normal break-words pl-2\"><strong>Widerspruchsrecht<\/strong> gegen die Verarbeitung Ihrer Daten (Art. 21 DSGVO)<\/li><li class=\"whitespace-normal break-words pl-2\"><strong>Recht auf Widerruf<\/strong> einer erteilten Einwilligung jederzeit mit Wirkung f\u00fcr die Zukunft<\/li><\/ul><p class=\"font-claude-response-body break-words whitespace-normal leading-[1.7]\">Zur Aus\u00fcbung dieser Rechte wenden Sie sich bitte an: <a class=\"underline underline underline-offset-2 decoration-1 decoration-current\/40 hover:decoration-current focus:decoration-current\" href=\"mailto:hello@christhomas.at\">hello@christhomas.at<\/a><\/p><p class=\"font-claude-response-body break-words whitespace-normal leading-[1.7]\"><strong>9. Beschwerderecht bei der Aufsichtsbeh\u00f6rde<\/strong> Sie haben das Recht, sich bei der \u00f6sterreichischen Datenschutzbeh\u00f6rde zu beschweren:<\/p><p class=\"font-claude-response-body break-words whitespace-normal leading-[1.7]\">\u00d6sterreichische Datenschutzbeh\u00f6rde Barichgasse 40\u201342 1030 Wien <a class=\"underline underline underline-offset-2 decoration-1 decoration-current\/40 hover:decoration-current focus:decoration-current\" href=\"mailto:dsb@dsb.gv.at\">dsb@dsb.gv.at<\/a> <a class=\"underline underline underline-offset-2 decoration-1 decoration-current\/40 hover:decoration-current focus:decoration-current\" href=\"http:\/\/www.dsb.gv.at\">www.dsb.gv.at<\/a><\/p><p class=\"font-claude-response-body break-words whitespace-normal leading-[1.7]\"><strong>10. Datensicherheit<\/strong> Ich treffe angemessene technische und organisatorische Sicherheitsma\u00dfnahmen, um Ihre Daten gegen zuf\u00e4llige oder vors\u00e4tzliche Manipulation, Verlust, Zerst\u00f6rung oder den Zugriff unberechtigter Personen zu sch\u00fctzen. Diese Website verwendet eine SSL\/TLS-Verschl\u00fcsselung f\u00fcr die \u00dcbertragung von Daten.<\/p><p class=\"font-claude-response-body break-words whitespace-normal leading-[1.7]\"><strong>11. Aktualit\u00e4t und \u00c4nderung dieser Datenschutzerkl\u00e4rung<\/strong> Diese Datenschutzerkl\u00e4rung ist aktuell g\u00fcltig und hat den Stand M\u00e4rz 2026. Durch die Weiterentwicklung meiner Website oder aufgrund ge\u00e4nderter gesetzlicher bzw. beh\u00f6rdlicher Vorgaben kann es notwendig werden, diese Datenschutzerkl\u00e4rung zu \u00e4ndern.<\/p><\/div><\/div>\t\t\t\t\t\t\t\t<\/div>\n\t\t\t\t\t<\/div>\n\t\t\t\t<\/div>\n\t\t\t\t<\/div>\n\t\t","protected":false},"excerpt":{"rendered":"<p>Last Updated: March 2026 Datenschutzerkl\u00e4rung Verantwortlicher Christopher Thomas, 6900 Bregenz, \u00d6sterreich E-Mail: hello@christhomas.at Web: www.christhomas.at 1. Grunds\u00e4tzliches Der Schutz Ihrer pers\u00f6nlichen Daten ist mir ein wichtiges Anliegen. Ich verarbeite Ihre Daten daher ausschlie\u00dflich auf Grundlage der gesetzlichen Bestimmungen (DSGVO, DSG, TKG 2021). In dieser Datenschutzerkl\u00e4rung informiere ich Sie \u00fcber die wichtigsten Aspekte der Datenverarbeitung im [&hellip;]<\/p>\n","protected":false},"author":3,"featured_media":0,"parent":0,"menu_order":0,"comment_status":"closed","ping_status":"closed","template":"","meta":{"footnotes":""},"class_list":["post-1142","page","type-page","status-publish","hentry"],"yoast_head":"<!-- This site is optimized with the Yoast SEO plugin v27.2 - https:\/\/yoast.com\/product\/yoast-seo-wordpress\/ -->\n<title>Privacy Policy - christhomas.at<\/title>\n<meta name=\"robots\" content=\"index, follow, max-snippet:-1, max-image-preview:large, max-video-preview:-1\" \/>\n<link rel=\"canonical\" href=\"https:\/\/christhomas.at\/de\/privacy-policy\/\" \/>\n<meta property=\"og:locale\" content=\"de_DE\" \/>\n<meta property=\"og:type\" content=\"article\" \/>\n<meta property=\"og:title\" content=\"Privacy Policy - christhomas.at\" \/>\n<meta property=\"og:description\" content=\"Last Updated: March 2026 Datenschutzerkl\u00e4rung Verantwortlicher Christopher Thomas, 6900 Bregenz, \u00d6sterreich E-Mail: hello@christhomas.at Web: www.christhomas.at 1. Grunds\u00e4tzliches Der Schutz Ihrer pers\u00f6nlichen Daten ist mir ein wichtiges Anliegen. Ich verarbeite Ihre Daten daher ausschlie\u00dflich auf Grundlage der gesetzlichen Bestimmungen (DSGVO, DSG, TKG 2021). In dieser Datenschutzerkl\u00e4rung informiere ich Sie \u00fcber die wichtigsten Aspekte der Datenverarbeitung im [&hellip;]\" \/>\n<meta property=\"og:url\" content=\"https:\/\/christhomas.at\/de\/privacy-policy\/\" \/>\n<meta property=\"og:site_name\" content=\"christhomas.at\" \/>\n<meta property=\"article:modified_time\" content=\"2026-03-30T18:28:15+00:00\" \/>\n<meta name=\"twitter:card\" content=\"summary_large_image\" \/>\n<meta name=\"twitter:label1\" content=\"Gesch\u00e4tzte Lesezeit\" \/>\n\t<meta name=\"twitter:data1\" content=\"3\u00a0Minuten\" \/>\n<script type=\"application\/ld+json\" class=\"yoast-schema-graph\">{\"@context\":\"https:\/\/schema.org\",\"@graph\":[{\"@type\":\"WebPage\",\"@id\":\"https:\/\/christhomas.at\/privacy-policy\/\",\"url\":\"https:\/\/christhomas.at\/privacy-policy\/\",\"name\":\"Privacy Policy - christhomas.at\",\"isPartOf\":{\"@id\":\"https:\/\/christhomas.at\/#website\"},\"datePublished\":\"2026-03-29T02:08:50+00:00\",\"dateModified\":\"2026-03-30T18:28:15+00:00\",\"breadcrumb\":{\"@id\":\"https:\/\/christhomas.at\/privacy-policy\/#breadcrumb\"},\"inLanguage\":\"de\",\"potentialAction\":[{\"@type\":\"ReadAction\",\"target\":[\"https:\/\/christhomas.at\/privacy-policy\/\"]}]},{\"@type\":\"BreadcrumbList\",\"@id\":\"https:\/\/christhomas.at\/privacy-policy\/#breadcrumb\",\"itemListElement\":[{\"@type\":\"ListItem\",\"position\":1,\"name\":\"Home\",\"item\":\"https:\/\/christhomas.at\/\"},{\"@type\":\"ListItem\",\"position\":2,\"name\":\"Privacy Policy\"}]},{\"@type\":\"WebSite\",\"@id\":\"https:\/\/christhomas.at\/#website\",\"url\":\"https:\/\/christhomas.at\/\",\"name\":\"christhomas.at\",\"description\":\"Find your voice. Lead the conversation.\",\"publisher\":{\"@id\":\"https:\/\/christhomas.at\/#organization\"},\"potentialAction\":[{\"@type\":\"SearchAction\",\"target\":{\"@type\":\"EntryPoint\",\"urlTemplate\":\"https:\/\/christhomas.at\/?s={search_term_string}\"},\"query-input\":{\"@type\":\"PropertyValueSpecification\",\"valueRequired\":true,\"valueName\":\"search_term_string\"}}],\"inLanguage\":\"de\"},{\"@type\":\"Organization\",\"@id\":\"https:\/\/christhomas.at\/#organization\",\"name\":\"christhomas.at\",\"url\":\"https:\/\/christhomas.at\/\",\"logo\":{\"@type\":\"ImageObject\",\"inLanguage\":\"de\",\"@id\":\"https:\/\/christhomas.at\/#\/schema\/logo\/image\/\",\"url\":\"https:\/\/christhomas.at\/wp-content\/uploads\/2026\/03\/logo-chris-thomas.svg\",\"contentUrl\":\"https:\/\/christhomas.at\/wp-content\/uploads\/2026\/03\/logo-chris-thomas.svg\",\"width\":489,\"height\":112,\"caption\":\"christhomas.at\"},\"image\":{\"@id\":\"https:\/\/christhomas.at\/#\/schema\/logo\/image\/\"}}]}<\/script>\n<!-- \/ Yoast SEO plugin. -->","yoast_head_json":{"title":"Privacy Policy - christhomas.at","robots":{"index":"index","follow":"follow","max-snippet":"max-snippet:-1","max-image-preview":"max-image-preview:large","max-video-preview":"max-video-preview:-1"},"canonical":"https:\/\/christhomas.at\/de\/privacy-policy\/","og_locale":"de_DE","og_type":"article","og_title":"Privacy Policy - christhomas.at","og_description":"Last Updated: March 2026 Datenschutzerkl\u00e4rung Verantwortlicher Christopher Thomas, 6900 Bregenz, \u00d6sterreich E-Mail: hello@christhomas.at Web: www.christhomas.at 1. Grunds\u00e4tzliches Der Schutz Ihrer pers\u00f6nlichen Daten ist mir ein wichtiges Anliegen. Ich verarbeite Ihre Daten daher ausschlie\u00dflich auf Grundlage der gesetzlichen Bestimmungen (DSGVO, DSG, TKG 2021). In dieser Datenschutzerkl\u00e4rung informiere ich Sie \u00fcber die wichtigsten Aspekte der Datenverarbeitung im [&hellip;]","og_url":"https:\/\/christhomas.at\/de\/privacy-policy\/","og_site_name":"christhomas.at","article_modified_time":"2026-03-30T18:28:15+00:00","twitter_card":"summary_large_image","twitter_misc":{"Gesch\u00e4tzte Lesezeit":"3\u00a0Minuten"},"schema":{"@context":"https:\/\/schema.org","@graph":[{"@type":"WebPage","@id":"https:\/\/christhomas.at\/privacy-policy\/","url":"https:\/\/christhomas.at\/privacy-policy\/","name":"Privacy Policy - christhomas.at","isPartOf":{"@id":"https:\/\/christhomas.at\/#website"},"datePublished":"2026-03-29T02:08:50+00:00","dateModified":"2026-03-30T18:28:15+00:00","breadcrumb":{"@id":"https:\/\/christhomas.at\/privacy-policy\/#breadcrumb"},"inLanguage":"de","potentialAction":[{"@type":"ReadAction","target":["https:\/\/christhomas.at\/privacy-policy\/"]}]},{"@type":"BreadcrumbList","@id":"https:\/\/christhomas.at\/privacy-policy\/#breadcrumb","itemListElement":[{"@type":"ListItem","position":1,"name":"Home","item":"https:\/\/christhomas.at\/"},{"@type":"ListItem","position":2,"name":"Privacy Policy"}]},{"@type":"WebSite","@id":"https:\/\/christhomas.at\/#website","url":"https:\/\/christhomas.at\/","name":"christhomas.at","description":"Find your voice. Lead the conversation.","publisher":{"@id":"https:\/\/christhomas.at\/#organization"},"potentialAction":[{"@type":"SearchAction","target":{"@type":"EntryPoint","urlTemplate":"https:\/\/christhomas.at\/?s={search_term_string}"},"query-input":{"@type":"PropertyValueSpecification","valueRequired":true,"valueName":"search_term_string"}}],"inLanguage":"de"},{"@type":"Organization","@id":"https:\/\/christhomas.at\/#organization","name":"christhomas.at","url":"https:\/\/christhomas.at\/","logo":{"@type":"ImageObject","inLanguage":"de","@id":"https:\/\/christhomas.at\/#\/schema\/logo\/image\/","url":"https:\/\/christhomas.at\/wp-content\/uploads\/2026\/03\/logo-chris-thomas.svg","contentUrl":"https:\/\/christhomas.at\/wp-content\/uploads\/2026\/03\/logo-chris-thomas.svg","width":489,"height":112,"caption":"christhomas.at"},"image":{"@id":"https:\/\/christhomas.at\/#\/schema\/logo\/image\/"}}]}},"_links":{"self":[{"href":"https:\/\/christhomas.at\/de\/wp-json\/wp\/v2\/pages\/1142","targetHints":{"allow":["GET"]}}],"collection":[{"href":"https:\/\/christhomas.at\/de\/wp-json\/wp\/v2\/pages"}],"about":[{"href":"https:\/\/christhomas.at\/de\/wp-json\/wp\/v2\/types\/page"}],"author":[{"embeddable":true,"href":"https:\/\/christhomas.at\/de\/wp-json\/wp\/v2\/users\/3"}],"replies":[{"embeddable":true,"href":"https:\/\/christhomas.at\/de\/wp-json\/wp\/v2\/comments?post=1142"}],"version-history":[{"count":0,"href":"https:\/\/christhomas.at\/de\/wp-json\/wp\/v2\/pages\/1142\/revisions"}],"wp:attachment":[{"href":"https:\/\/christhomas.at\/de\/wp-json\/wp\/v2\/media?parent=1142"}],"curies":[{"name":"wp","href":"https:\/\/api.w.org\/{rel}","templated":true}]}}